{"id":3638,"date":"2024-05-27T08:22:27","date_gmt":"2024-05-27T05:22:27","guid":{"rendered":"https:\/\/staging.liquid-themes.com\/lawyer\/?page_id=3638"},"modified":"2025-05-10T02:04:02","modified_gmt":"2025-05-09T23:04:02","slug":"kt-kumas","status":"publish","type":"page","link":"https:\/\/ktkumas.com\/tr\/kt-kumas\/","title":{"rendered":"Hakk\u0131m\u0131zda"},"content":{"rendered":"\t\t<div data-elementor-type=\"wp-page\" data-elementor-id=\"3638\" class=\"elementor elementor-3638\">\n\t\t\t\t\t\t\t\t\t<section class=\"elementor-section elementor-top-section elementor-element elementor-element-5d5f516 elementor-section-full_width elementor-section-height-default elementor-section-height-default\" data-id=\"5d5f516\" data-element_type=\"section\" data-settings=\"{&quot;background_background&quot;:&quot;classic&quot;}\">\n\t\t\t\t\t\t\t<div class=\"elementor-background-overlay\"><\/div>\n\t\t\t\t\t\t\t<div class=\"elementor-container elementor-column-gap-default\">\n\t\t\t\t\t<div class=\"elementor-column elementor-col-100 elementor-top-column elementor-element elementor-element-708f368\" data-id=\"708f368\" data-element_type=\"column\">\n\t\t\t<div class=\"elementor-widget-wrap elementor-element-populated\">\n\t\t\t\t\t\t\t\t<div class=\"elementor-element elementor-element-b28c233 elementor-widget elementor-widget-hub_fancy_heading\" data-id=\"b28c233\" data-element_type=\"widget\" data-widget_type=\"hub_fancy_heading.default\">\n\t\t\t\t<div class=\"elementor-widget-container\">\n\t\t\t\n\t\t<div id=\"ld-fancy-heading-6a090a31cec5d\" class=\"ld-fancy-heading pos-rel\">\n\t\t\t<h2 class=\"ld-fh-element d-inline-block pos-rel elementor-heading-title lqd-highlight-classic lqd-highlight-grow-left h2\"  > \n<strong>KT KUMA\u015e TEKST\u0130L SAN. T\u0130C. LTD. \u015eT\u0130.<\/strong><\/h2>\t\t<\/div>\n\n\t\t\t\t<\/div>\n\t\t\t\t<\/div>\n\t\t\t\t\t<\/div>\n\t\t<\/div>\n\t\t\t\t\t\t\t<\/div>\n\t\t<\/section>\n\t\t\t\t<section class=\"elementor-section elementor-top-section elementor-element elementor-element-ff203d4 elementor-section-boxed elementor-section-height-default elementor-section-height-default\" data-id=\"ff203d4\" data-element_type=\"section\" id=\"history\">\n\t\t\t\t\t\t<div class=\"elementor-container elementor-column-gap-default\">\n\t\t\t\t\t<div class=\"elementor-column elementor-col-50 elementor-top-column elementor-element elementor-element-48d5362\" data-id=\"48d5362\" data-element_type=\"column\">\n\t\t\t<div class=\"elementor-widget-wrap elementor-element-populated\">\n\t\t\t\t\t\t\t\t<div class=\"elementor-element elementor-element-6a4b9b3 elementor-widget elementor-widget-image\" data-id=\"6a4b9b3\" data-element_type=\"widget\" data-widget_type=\"image.default\">\n\t\t\t\t<div class=\"elementor-widget-container\">\n\t\t\t<style>\/*! elementor - v3.13.2 - 11-05-2023 *\/\n.elementor-widget-image{text-align:center}.elementor-widget-image a{display:inline-block}.elementor-widget-image a img[src$=\".svg\"]{width:48px}.elementor-widget-image img{vertical-align:middle;display:inline-block}<\/style>\t\t\t\t\t\t\t\t\t\t\t\t<img decoding=\"async\" width=\"780\" height=\"593\" src=\"https:\/\/ktkumas.com\/tr\/wp-content\/uploads\/2025\/05\/kt-kumas-logo-hakkimizda-1024x778.jpg\" class=\"attachment-large size-large wp-image-9111\" alt=\"\" srcset=\"https:\/\/ktkumas.com\/tr\/wp-content\/uploads\/2025\/05\/kt-kumas-logo-hakkimizda-1024x778.jpg 1024w, https:\/\/ktkumas.com\/tr\/wp-content\/uploads\/2025\/05\/kt-kumas-logo-hakkimizda-300x228.jpg 300w, https:\/\/ktkumas.com\/tr\/wp-content\/uploads\/2025\/05\/kt-kumas-logo-hakkimizda-1536x1167.jpg 1536w, https:\/\/ktkumas.com\/tr\/wp-content\/uploads\/2025\/05\/kt-kumas-logo-hakkimizda-2048x1556.jpg 2048w\" sizes=\"(max-width: 780px) 100vw, 780px\" \/>\t\t\t\t\t\t\t\t\t\t\t\t\t\t\t<\/div>\n\t\t\t\t<\/div>\n\t\t\t\t\t<\/div>\n\t\t<\/div>\n\t\t\t\t<div class=\"elementor-column elementor-col-50 elementor-top-column elementor-element elementor-element-ef0aaa1\" data-id=\"ef0aaa1\" data-element_type=\"column\">\n\t\t\t<div class=\"elementor-widget-wrap elementor-element-populated\">\n\t\t\t\t\t\t\t\t<div class=\"elementor-element elementor-element-023475b elementor-widget elementor-widget-hub_fancy_heading\" data-id=\"023475b\" data-element_type=\"widget\" data-widget_type=\"hub_fancy_heading.default\">\n\t\t\t\t<div class=\"elementor-widget-container\">\n\t\t\t\n\t\t<div id=\"ld-fancy-heading-6a090a31d2c7c\" class=\"ld-fancy-heading pos-rel\">\n\t\t\t<p class=\"ld-fh-element d-inline-block pos-rel lqd-highlight-classic lqd-highlight-grow-left p\"  > K.T. Kuma\u015f, 2016 y\u0131l\u0131ndan bu yana tekstil sekt\u00f6r\u00fcnde faaliyet g\u00f6steren, \u00e7anta ve valiz astar\u0131 tedarikinde k\u0131sa s\u00fcrede sekt\u00f6r\u00fcn \u00f6nc\u00fc firmalar\u0131ndan biri haline gelmi\u015f yenilik\u00e7i bir kurulu\u015ftur. Kuruldu\u011fu g\u00fcnden bu yana \u015firketlerin stratejik hedeflerine ula\u015fmas\u0131na katk\u0131 sa\u011flamak ve yarat\u0131c\u0131 vizyonlar\u0131n\u0131 hayata ge\u00e7irmelerine destek olmak amac\u0131yla \u00e7al\u0131\u015fmalar\u0131n\u0131 s\u00fcrd\u00fcrmektedir.<br><br>\n\nGeni\u015fleyen tedarik a\u011f\u0131, zengin \u00fcr\u00fcn \u00e7e\u015fitlili\u011fi ve rekabet\u00e7i fiyat politikas\u0131yla m\u00fc\u015fterilerine s\u00fcrd\u00fcr\u00fclebilir \u00e7\u00f6z\u00fcmler sunan firmam\u0131z, kalite ve g\u00fcveni \u00f6n planda tutarak sekt\u00f6rde fark yaratmaktad\u0131r. M\u00fc\u015fteri memnuniyetini temel ilke olarak benimseyen K.T. Kuma\u015f, \u201cZengin \u00c7e\u015fit, Uygun Fiyat\u201d mottosuyla i\u015f ortaklar\u0131na katma de\u011fer sa\u011flamaya devam etmektedir.<br><br>\n\nSekt\u00f6rdeki geli\u015fmeleri yak\u0131ndan takip eden ve bu do\u011frultuda \u00fcr\u00fcn yelpazesini s\u00fcrekli olarak g\u00fcncelleyen firmam\u0131z, yerel ve ulusal pazarda g\u00fc\u00e7l\u00fc bir konum elde etmi\u015ftir. Geli\u015fen T\u00fcrkiye\u2019ye duydu\u011fu g\u00fcvenle, yat\u0131r\u0131mlar\u0131n\u0131 her ge\u00e7en g\u00fcn art\u0131ran K.T. Kuma\u015f, s\u00fcrd\u00fcr\u00fclebilir b\u00fcy\u00fcme vizyonu do\u011frultusunda ilerlemektedir.<br><br>\n\nYenilik\u00e7i yakla\u015f\u0131m\u0131, g\u00fc\u00e7l\u00fc tedarik zinciri ve m\u00fc\u015fteri odakl\u0131 hizmet anlay\u0131\u015f\u0131yla K.T. Kuma\u015f, sekt\u00f6rde g\u00fcvenilir ve tercih edilen bir marka olmay\u0131 s\u00fcrd\u00fcrmektedir.<\/p>\t\t<\/div>\n\n\t\t\t\t<\/div>\n\t\t\t\t<\/div>\n\t\t\t\t\t<\/div>\n\t\t<\/div>\n\t\t\t\t\t\t\t<\/div>\n\t\t<\/section>\n\t\t\t\t\t\t\t<\/div>\n\t\t","protected":false},"excerpt":{"rendered":"<p>KT KUMA\u015e TEKST\u0130L SAN. T\u0130C. LTD. \u015eT\u0130. K.T. Kuma\u015f, 2016 y\u0131l\u0131ndan bu yana tekstil sekt\u00f6r\u00fcnde faaliyet g\u00f6steren, \u00e7anta ve valiz astar\u0131 tedarikinde k\u0131sa s\u00fcrede sekt\u00f6r\u00fcn \u00f6nc\u00fc firmalar\u0131ndan biri haline gelmi\u015f yenilik\u00e7i bir kurulu\u015ftur. Kuruldu\u011fu g\u00fcnden bu yana \u015firketlerin stratejik hedeflerine ula\u015fmas\u0131na katk\u0131 sa\u011flamak ve yarat\u0131c\u0131 vizyonlar\u0131n\u0131 hayata ge\u00e7irmelerine destek olmak amac\u0131yla \u00e7al\u0131\u015fmalar\u0131n\u0131 s\u00fcrd\u00fcrmektedir. Geni\u015fleyen tedarik [&hellip;]<\/p>\n","protected":false},"author":1,"featured_media":0,"parent":0,"menu_order":0,"comment_status":"closed","ping_status":"closed","template":"","meta":{"footnotes":""},"class_list":["post-3638","page","type-page","status-publish","hentry"],"_links":{"self":[{"href":"https:\/\/ktkumas.com\/tr\/wp-json\/wp\/v2\/pages\/3638","targetHints":{"allow":["GET"]}}],"collection":[{"href":"https:\/\/ktkumas.com\/tr\/wp-json\/wp\/v2\/pages"}],"about":[{"href":"https:\/\/ktkumas.com\/tr\/wp-json\/wp\/v2\/types\/page"}],"author":[{"embeddable":true,"href":"https:\/\/ktkumas.com\/tr\/wp-json\/wp\/v2\/users\/1"}],"replies":[{"embeddable":true,"href":"https:\/\/ktkumas.com\/tr\/wp-json\/wp\/v2\/comments?post=3638"}],"version-history":[{"count":66,"href":"https:\/\/ktkumas.com\/tr\/wp-json\/wp\/v2\/pages\/3638\/revisions"}],"predecessor-version":[{"id":9120,"href":"https:\/\/ktkumas.com\/tr\/wp-json\/wp\/v2\/pages\/3638\/revisions\/9120"}],"wp:attachment":[{"href":"https:\/\/ktkumas.com\/tr\/wp-json\/wp\/v2\/media?parent=3638"}],"curies":[{"name":"wp","href":"https:\/\/api.w.org\/{rel}","templated":true}]}}