{"id":8895,"date":"2025-05-01T00:15:19","date_gmt":"2025-04-30T21:15:19","guid":{"rendered":"https:\/\/ibrahimkarakaya.com.tr\/?page_id=8895"},"modified":"2025-05-10T11:26:51","modified_gmt":"2025-05-10T08:26:51","slug":"toptan-armatul-astar-bursa","status":"publish","type":"page","link":"https:\/\/ktkumas.com\/tr\/toptan-armatul-astar-bursa\/","title":{"rendered":"Armat\u00fcl Astar"},"content":{"rendered":"\t\t<div data-elementor-type=\"wp-page\" data-elementor-id=\"8895\" class=\"elementor elementor-8895\">\n\t\t\t\t\t\t\t\t\t<section class=\"elementor-section elementor-top-section elementor-element elementor-element-a7ba051 elementor-section-full_width elementor-section-height-default elementor-section-height-default\" data-id=\"a7ba051\" data-element_type=\"section\" data-settings=\"{&quot;background_background&quot;:&quot;classic&quot;}\">\n\t\t\t\t\t\t\t<div class=\"elementor-background-overlay\"><\/div>\n\t\t\t\t\t\t\t<div class=\"elementor-container elementor-column-gap-default\">\n\t\t\t\t\t<div class=\"elementor-column elementor-col-100 elementor-top-column elementor-element elementor-element-33f7460\" data-id=\"33f7460\" data-element_type=\"column\">\n\t\t\t<div class=\"elementor-widget-wrap elementor-element-populated\">\n\t\t\t\t\t\t\t\t<div class=\"elementor-element elementor-element-102c0e9 elementor-widget elementor-widget-hub_fancy_heading\" data-id=\"102c0e9\" data-element_type=\"widget\" data-widget_type=\"hub_fancy_heading.default\">\n\t\t\t\t<div class=\"elementor-widget-container\">\n\t\t\t\n\t\t<div id=\"ld-fancy-heading-6a090a3b00b0b\" class=\"ld-fancy-heading pos-rel\">\n\t\t\t<h2 class=\"ld-fh-element d-inline-block pos-rel elementor-heading-title lqd-highlight-classic lqd-highlight-grow-left h2\"  > Arm\u00fcl Astar<\/h2>\t\t<\/div>\n\n\t\t\t\t<\/div>\n\t\t\t\t<\/div>\n\t\t\t\t\t<\/div>\n\t\t<\/div>\n\t\t\t\t\t\t\t<\/div>\n\t\t<\/section>\n\t\t\t\t<section class=\"elementor-section elementor-top-section elementor-element elementor-element-fac41db elementor-section-boxed elementor-section-height-default elementor-section-height-default\" data-id=\"fac41db\" data-element_type=\"section\">\n\t\t\t\t\t\t<div class=\"elementor-container elementor-column-gap-default\">\n\t\t\t\t\t<div class=\"elementor-column elementor-col-50 elementor-top-column elementor-element elementor-element-2156d2c elementor-hidden-tablet elementor-hidden-mobile\" data-id=\"2156d2c\" data-element_type=\"column\">\n\t\t\t<div class=\"elementor-widget-wrap elementor-element-populated\">\n\t\t\t\t\t\t\t\t<div class=\"elementor-element elementor-element-46387c6 elementor-widget__width-inherit elementor-widget elementor-widget-ld_custom_menu\" data-id=\"46387c6\" data-element_type=\"widget\" data-widget_type=\"ld_custom_menu.default\">\n\t\t\t\t<div class=\"elementor-widget-container\">\n\t\t\t\n\t\t\t<div  \n\t\t\t\tclass=\"lqd-fancy-menu lqd-custom-menu pos-rel menu-items-has-fill left lqd-menu-td-none\"\n\t\t\t\t\t\t\t>\n\t\t\t\n\t\t\t\t\t\t<ul id=\"46387c6\" class=\"reset-ul   \" itemtype=\"http:\/\/schema.org\/SiteNavigationElement\" itemscope=\"itemscope\"><li id=\"menu-item-8902\" class=\"menu-item menu-item-type-post_type menu-item-object-page menu-item-8902\"><a href=\"https:\/\/ktkumas.com\/tr\/toptan-armatul-astar-bursa\/\">Arm\u00fcl Astar<\/a><\/li>\n<li id=\"menu-item-9266\" class=\"menu-item menu-item-type-post_type menu-item-object-page menu-item-9266\"><a href=\"https:\/\/ktkumas.com\/tr\/toptan-ceplik-astar-bursa\/\">Ceplik Astar<\/a><\/li>\n<li id=\"menu-item-9265\" class=\"menu-item menu-item-type-post_type menu-item-object-page menu-item-9265\"><a href=\"https:\/\/ktkumas.com\/tr\/toptan-cantalik-astar-bursa\/\">\u00c7antal\u0131k Astar<\/a><\/li>\n<li id=\"menu-item-9264\" class=\"menu-item menu-item-type-post_type menu-item-object-page menu-item-9264\"><a href=\"https:\/\/ktkumas.com\/tr\/toptan-dokuma-astar-bursa\/\">Dokuma Astar<\/a><\/li>\n<li id=\"menu-item-9263\" class=\"menu-item menu-item-type-post_type menu-item-object-page menu-item-9263\"><a href=\"https:\/\/ktkumas.com\/tr\/toptan-file-kumas-bursa\/\">File<\/a><\/li>\n<li id=\"menu-item-9261\" class=\"menu-item menu-item-type-post_type menu-item-object-page menu-item-9261\"><a href=\"https:\/\/ktkumas.com\/tr\/ithal-tafetta-astar-toptan\/\">\u0130thal Tafetta Astar (190Tel)<\/a><\/li>\n<li id=\"menu-item-9262\" class=\"menu-item menu-item-type-post_type menu-item-object-page menu-item-9262\"><a href=\"https:\/\/ktkumas.com\/tr\/toptan-ithal-saten-astar-bursa\/\">\u0130thal Saten Astar<\/a><\/li>\n<li id=\"menu-item-9260\" class=\"menu-item menu-item-type-post_type menu-item-object-page menu-item-9260\"><a href=\"https:\/\/ktkumas.com\/tr\/toptan-jakarli-astar-bursa\/\">Jakarl\u0131 Astar<\/a><\/li>\n<li id=\"menu-item-9259\" class=\"menu-item menu-item-type-post_type menu-item-object-page menu-item-9259\"><a href=\"https:\/\/ktkumas.com\/tr\/toptan-montluk-astar\/\">Montluk Astar<\/a><\/li>\n<li id=\"menu-item-9258\" class=\"menu-item menu-item-type-post_type menu-item-object-page menu-item-9258\"><a href=\"https:\/\/ktkumas.com\/tr\/toptan-suet-astar-bursa\/\">Suet Astar<\/a><\/li>\n<\/ul>\t\t\t\t\t\t\t\t\t<\/div>\n\t\t\t\t<\/div>\n\t\t\t\t<\/div>\n\t\t\t\t<div class=\"elementor-element elementor-element-46e4d8f elementor-align-left elementor-widget elementor-widget-ld_icon_box\" data-id=\"46e4d8f\" data-element_type=\"widget\" data-widget_type=\"ld_icon_box.default\">\n\t\t\t\t<div class=\"elementor-widget-container\">\n\t\t\t\n\t\t\t<div id=\"ld_icon_box_46e4d8f\" class=\"iconbox d-flex flex-grow-1 pos-rel flex-wrap align-items-center iconbox-inline\"   >\n\t\t\t\t\n\t\t\t\t\t\t\t\t\t<span class=\"iconbox-label d-inline-block pos-abs border-radius-circle font-weight-bold text-uppercase ltr-sp-1\">\u015e\u0130MD\u0130 ARA<\/span>\t\t\t\t\t\n\t\t\t\t\n\t\t\t\t<div class=\"iconbox-icon-wrap  \"><div class=\"iconbox-icon-container d-inline-flex   \"><i aria-hidden=\"true\" class=\"fas fa-phone-volume\"><\/i><\/div><\/div>\t\t\t\t\n\t\t\t\t<h3 class=\"lqd-iconbox-heading \" >S\u0130PAR\u0130\u015e HATTI <\/h3>\t\t\t\t\n\t\t\t\t<div class=\"contents \">\t\t\t\t\n\t\t\t\t\t\t\t\t\n\t\t\t\t\t\t\t\t<p>+90(532) 232 72 13\n<\/p>\n\t\t\t\t\t\t\t\t\n\t\t\t\t<\/div>\t\t\t\t\n\t\t\t\t<a href=\"tel:05302470199\" class=\"lqd-overlay z-index-2\" target=\"_blank&quot;\" rel=\"nofollow\"><\/a>\n\t\t\t<\/div>\n\n\t\t\t\t<\/div>\n\t\t\t\t<\/div>\n\t\t\t\t\t<\/div>\n\t\t<\/div>\n\t\t\t\t<div class=\"elementor-column elementor-col-50 elementor-top-column elementor-element elementor-element-ba29674\" data-id=\"ba29674\" data-element_type=\"column\">\n\t\t\t<div class=\"elementor-widget-wrap elementor-element-populated\">\n\t\t\t\t\t\t\t\t<div class=\"elementor-element elementor-element-e8241fe elementor-widget elementor-widget-text-editor\" data-id=\"e8241fe\" data-element_type=\"widget\" data-widget_type=\"text-editor.default\">\n\t\t\t\t<div class=\"elementor-widget-container\">\n\t\t\t<style>\/*! elementor - v3.13.2 - 11-05-2023 *\/\n.elementor-widget-text-editor.elementor-drop-cap-view-stacked .elementor-drop-cap{background-color:#69727d;color:#fff}.elementor-widget-text-editor.elementor-drop-cap-view-framed .elementor-drop-cap{color:#69727d;border:3px solid;background-color:transparent}.elementor-widget-text-editor:not(.elementor-drop-cap-view-default) .elementor-drop-cap{margin-top:8px}.elementor-widget-text-editor:not(.elementor-drop-cap-view-default) .elementor-drop-cap-letter{width:1em;height:1em}.elementor-widget-text-editor .elementor-drop-cap{float:left;text-align:center;line-height:1;font-size:50px}.elementor-widget-text-editor .elementor-drop-cap-letter{display:inline-block}<\/style>\t\t\t\t<p class=\"\" data-start=\"135\" data-end=\"546\">Armat\u00fcl Astar, \u00e7anta ve valiz \u00fcretiminde i\u00e7 kaplama malzemesi olarak tercih edilen, dayan\u0131kl\u0131 ve y\u00fcksek performansl\u0131 bir astar kuma\u015f t\u00fcr\u00fcd\u00fcr. Hafif yap\u0131s\u0131, esnekli\u011fi ve uzun \u00f6m\u00fcrl\u00fc kullan\u0131m avantaj\u0131 sayesinde hem \u00fcreticilerin hem de son kullan\u0131c\u0131lar\u0131n beklentilerini fazlas\u0131yla kar\u015f\u0131lar. Polyester bazl\u0131 yap\u0131s\u0131yla formunu korur, kolay i\u015flenebilir yap\u0131s\u0131 sayesinde end\u00fcstriyel diki\u015f makineleriyle uyumlu \u00e7al\u0131\u015f\u0131r.<\/p><p class=\"\" data-start=\"548\" data-end=\"893\">\u00c7e\u015fitli renk ve desen alternatifleriyle \u00fcretilen Armat\u00fcl Astar, estetik beklentilere de yan\u0131t verir. Y\u00fczey yap\u0131s\u0131, astar kullan\u0131lan \u00fcr\u00fcnlerin i\u00e7 k\u0131sm\u0131nda hem \u015f\u0131k hem de d\u00fczenli bir g\u00f6r\u00fcn\u00fcm sa\u011flar. S\u00fcrt\u00fcnmeye kar\u015f\u0131 diren\u00e7li yap\u0131s\u0131 sayesinde \u00fcr\u00fcn i\u00e7 y\u00fczeylerinin zamanla deforme olmas\u0131n\u0131 \u00f6nler, b\u00f6ylece \u00e7anta ve valiz gibi \u00fcr\u00fcnlerin \u00f6mr\u00fcn\u00fc uzat\u0131r.<\/p><p class=\"\" data-start=\"895\" data-end=\"1143\">Su itici \u00f6zellik kazanabilen \u00f6zel kaplamalarla da \u00fcretilebilen bu astar t\u00fcr\u00fc, farkl\u0131 ihtiya\u00e7lara g\u00f6re \u00f6zelle\u015ftirilebilir. Hem ekonomik hem de kaliteli bir \u00e7\u00f6z\u00fcm sunan Armat\u00fcl Astar, \u00fcretim s\u00fcre\u00e7lerine de\u011fer katar ve kullan\u0131c\u0131 memnuniyetini art\u0131r\u0131r.<\/p><p class=\"\" data-start=\"1145\" data-end=\"1167\"><strong data-start=\"1145\" data-end=\"1167\">Kullan\u0131m Alanlar\u0131:<\/strong><\/p><ul><li data-start=\"1170\" data-end=\"1187\">Seyahat valizleri<\/li><li data-start=\"1190\" data-end=\"1212\">Okul ve s\u0131rt \u00e7antalar\u0131<\/li><li data-start=\"1215\" data-end=\"1227\">El \u00e7antalar\u0131<\/li><li data-start=\"1230\" data-end=\"1248\">Promosyon \u00fcr\u00fcnleri<\/li><li data-start=\"1251\" data-end=\"1265\">Spor \u00e7antalar\u0131<\/li><\/ul><p class=\"\" data-start=\"1267\" data-end=\"1292\"><strong data-start=\"1267\" data-end=\"1292\">\u00d6ne \u00c7\u0131kan \u00d6zellikler:<\/strong><\/p><ul><li data-start=\"1295\" data-end=\"1314\">Y\u00fcksek dayan\u0131kl\u0131l\u0131k<\/li><li data-start=\"1317\" data-end=\"1348\">Esnek ve kolay dikilebilir yap\u0131<\/li><li data-start=\"1351\" data-end=\"1383\">Farkl\u0131 renk ve desen se\u00e7enekleri<\/li><li data-start=\"1386\" data-end=\"1406\">Uzun \u00f6m\u00fcrl\u00fc kullan\u0131m<\/li><li data-start=\"1409\" data-end=\"1432\">Ekonomik fiyat avantaj\u0131<\/li><\/ul><p class=\"\" data-start=\"1434\" data-end=\"1579\">\u00c7anta ve valiz sekt\u00f6r\u00fcnde kaliteli astar aray\u0131\u015f\u0131nda olan \u00fcreticiler i\u00e7in Armat\u00fcl Astar, hem performans hem maliyet a\u00e7\u0131s\u0131ndan ideal bir tercihtir.<\/p>\t\t\t\t\t\t<\/div>\n\t\t\t\t<\/div>\n\t\t\t\t<div class=\"elementor-element elementor-element-735e354 gallery-spacing-custom elementor-widget elementor-widget-image-gallery\" data-id=\"735e354\" data-element_type=\"widget\" data-widget_type=\"image-gallery.default\">\n\t\t\t\t<div class=\"elementor-widget-container\">\n\t\t\t<style>\/*! elementor - v3.13.2 - 11-05-2023 *\/\n.elementor-image-gallery .gallery-item{display:inline-block;text-align:center;vertical-align:top;width:100%;max-width:100%;margin:0 auto}.elementor-image-gallery .gallery-item img{margin:0 auto}.elementor-image-gallery .gallery-item .gallery-caption{margin:0}.elementor-image-gallery figure img{display:block}.elementor-image-gallery figure figcaption{width:100%}.gallery-spacing-custom .elementor-image-gallery .gallery-icon{padding:0}@media (min-width:768px){.elementor-image-gallery .gallery-columns-2 .gallery-item{max-width:50%}.elementor-image-gallery .gallery-columns-3 .gallery-item{max-width:33.33%}.elementor-image-gallery .gallery-columns-4 .gallery-item{max-width:25%}.elementor-image-gallery .gallery-columns-5 .gallery-item{max-width:20%}.elementor-image-gallery .gallery-columns-6 .gallery-item{max-width:16.666%}.elementor-image-gallery .gallery-columns-7 .gallery-item{max-width:14.28%}.elementor-image-gallery .gallery-columns-8 .gallery-item{max-width:12.5%}.elementor-image-gallery .gallery-columns-9 .gallery-item{max-width:11.11%}.elementor-image-gallery .gallery-columns-10 .gallery-item{max-width:10%}}@media (min-width:480px) and (max-width:767px){.elementor-image-gallery .gallery.gallery-columns-2 .gallery-item,.elementor-image-gallery .gallery.gallery-columns-3 .gallery-item,.elementor-image-gallery .gallery.gallery-columns-4 .gallery-item,.elementor-image-gallery .gallery.gallery-columns-5 .gallery-item,.elementor-image-gallery .gallery.gallery-columns-6 .gallery-item,.elementor-image-gallery .gallery.gallery-columns-7 .gallery-item,.elementor-image-gallery .gallery.gallery-columns-8 .gallery-item,.elementor-image-gallery .gallery.gallery-columns-9 .gallery-item,.elementor-image-gallery .gallery.gallery-columns-10 .gallery-item{max-width:50%}}@media (max-width:479px){.elementor-image-gallery .gallery.gallery-columns-2 .gallery-item,.elementor-image-gallery .gallery.gallery-columns-3 .gallery-item,.elementor-image-gallery .gallery.gallery-columns-4 .gallery-item,.elementor-image-gallery .gallery.gallery-columns-5 .gallery-item,.elementor-image-gallery .gallery.gallery-columns-6 .gallery-item,.elementor-image-gallery .gallery.gallery-columns-7 .gallery-item,.elementor-image-gallery .gallery.gallery-columns-8 .gallery-item,.elementor-image-gallery .gallery.gallery-columns-9 .gallery-item,.elementor-image-gallery .gallery.gallery-columns-10 .gallery-item{max-width:100%}}<\/style>\t\t<div class=\"elementor-image-gallery\">\n\t\t\t<div id='gallery-1' class='gallery galleryid-8895 gallery-columns-4 gallery-size-full'><figure class='gallery-item'>\n\t\t\t<div class='gallery-icon portrait'>\n\t\t\t\t<a data-elementor-open-lightbox=\"yes\" data-elementor-lightbox-slideshow=\"735e354\" data-elementor-lightbox-title=\"armatul-astar-toptan-001-773x1030\" data-e-action-hash=\"#elementor-action%3Aaction%3Dlightbox%26settings%3DeyJpZCI6OTA1OSwidXJsIjoiaHR0cHM6XC9cL2t0a3VtYXMuY29tXC90clwvd3AtY29udGVudFwvdXBsb2Fkc1wvMjAyNVwvMDVcL2FybWF0dWwtYXN0YXItdG9wdGFuLTAwMS03NzN4MTAzMC0xLmpwZyIsInNsaWRlc2hvdyI6IjczNWUzNTQifQ%3D%3D\" href='https:\/\/ktkumas.com\/tr\/wp-content\/uploads\/2025\/05\/armatul-astar-toptan-001-773x1030-1.jpg'><img decoding=\"async\" width=\"773\" height=\"1030\" src=\"https:\/\/ktkumas.com\/tr\/wp-content\/uploads\/2025\/05\/armatul-astar-toptan-001-773x1030-1.jpg\" class=\"attachment-full size-full\" alt=\"\" srcset=\"https:\/\/ktkumas.com\/tr\/wp-content\/uploads\/2025\/05\/armatul-astar-toptan-001-773x1030-1.jpg 773w, https:\/\/ktkumas.com\/tr\/wp-content\/uploads\/2025\/05\/armatul-astar-toptan-001-773x1030-1-225x300.jpg 225w, https:\/\/ktkumas.com\/tr\/wp-content\/uploads\/2025\/05\/armatul-astar-toptan-001-773x1030-1-768x1024.jpg 768w\" sizes=\"(max-width: 773px) 100vw, 773px\" itemprop=\"image\" \/><\/a>\n\t\t\t<\/div><\/figure><figure class='gallery-item'>\n\t\t\t<div class='gallery-icon portrait'>\n\t\t\t\t<a data-elementor-open-lightbox=\"yes\" data-elementor-lightbox-slideshow=\"735e354\" data-elementor-lightbox-title=\"armatul-astar-toptan-002-773x1030\" data-e-action-hash=\"#elementor-action%3Aaction%3Dlightbox%26settings%3DeyJpZCI6OTA2MCwidXJsIjoiaHR0cHM6XC9cL2t0a3VtYXMuY29tXC90clwvd3AtY29udGVudFwvdXBsb2Fkc1wvMjAyNVwvMDVcL2FybWF0dWwtYXN0YXItdG9wdGFuLTAwMi03NzN4MTAzMC0xLmpwZyIsInNsaWRlc2hvdyI6IjczNWUzNTQifQ%3D%3D\" href='https:\/\/ktkumas.com\/tr\/wp-content\/uploads\/2025\/05\/armatul-astar-toptan-002-773x1030-1.jpg'><img decoding=\"async\" width=\"773\" height=\"1030\" src=\"data:image\/svg+xml,%3Csvg xmlns=&#039;http:\/\/www.w3.org\/2000\/svg&#039; viewBox=&#039;0 0 773 1030&#039;%3E%3C\/svg%3E\" class=\"attachment-full size-full ld-lazyload\" alt=\"\" itemprop=\"image\" data-src=\"https:\/\/ktkumas.com\/tr\/wp-content\/uploads\/2025\/05\/armatul-astar-toptan-002-773x1030-1.jpg\" data-srcset=\"https:\/\/ktkumas.com\/tr\/wp-content\/uploads\/2025\/05\/armatul-astar-toptan-002-773x1030-1.jpg 773w, https:\/\/ktkumas.com\/tr\/wp-content\/uploads\/2025\/05\/armatul-astar-toptan-002-773x1030-1-225x300.jpg 225w, https:\/\/ktkumas.com\/tr\/wp-content\/uploads\/2025\/05\/armatul-astar-toptan-002-773x1030-1-768x1024.jpg 768w\" data-sizes=\"(max-width: 773px) 100vw, 773px\" data-aspect=\"0.7504854368932\" \/><\/a>\n\t\t\t<\/div><\/figure><figure class='gallery-item'>\n\t\t\t<div class='gallery-icon portrait'>\n\t\t\t\t<a data-elementor-open-lightbox=\"yes\" data-elementor-lightbox-slideshow=\"735e354\" data-elementor-lightbox-title=\"armatul-astar-toptan-003-773x1030\" data-e-action-hash=\"#elementor-action%3Aaction%3Dlightbox%26settings%3DeyJpZCI6OTA2MSwidXJsIjoiaHR0cHM6XC9cL2t0a3VtYXMuY29tXC90clwvd3AtY29udGVudFwvdXBsb2Fkc1wvMjAyNVwvMDVcL2FybWF0dWwtYXN0YXItdG9wdGFuLTAwMy03NzN4MTAzMC0xLmpwZyIsInNsaWRlc2hvdyI6IjczNWUzNTQifQ%3D%3D\" href='https:\/\/ktkumas.com\/tr\/wp-content\/uploads\/2025\/05\/armatul-astar-toptan-003-773x1030-1.jpg'><img decoding=\"async\" width=\"773\" height=\"1030\" src=\"data:image\/svg+xml,%3Csvg xmlns=&#039;http:\/\/www.w3.org\/2000\/svg&#039; viewBox=&#039;0 0 773 1030&#039;%3E%3C\/svg%3E\" class=\"attachment-full size-full ld-lazyload\" alt=\"\" itemprop=\"image\" data-src=\"https:\/\/ktkumas.com\/tr\/wp-content\/uploads\/2025\/05\/armatul-astar-toptan-003-773x1030-1.jpg\" data-srcset=\"https:\/\/ktkumas.com\/tr\/wp-content\/uploads\/2025\/05\/armatul-astar-toptan-003-773x1030-1.jpg 773w, https:\/\/ktkumas.com\/tr\/wp-content\/uploads\/2025\/05\/armatul-astar-toptan-003-773x1030-1-225x300.jpg 225w, https:\/\/ktkumas.com\/tr\/wp-content\/uploads\/2025\/05\/armatul-astar-toptan-003-773x1030-1-768x1024.jpg 768w\" data-sizes=\"(max-width: 773px) 100vw, 773px\" data-aspect=\"0.7504854368932\" \/><\/a>\n\t\t\t<\/div><\/figure>\n\t\t<\/div>\n\t\t<\/div>\n\t\t\t\t<\/div>\n\t\t\t\t<\/div>\n\t\t\t\t<div class=\"elementor-element elementor-element-137f7a9 elementor-widget-divider--view-line elementor-widget elementor-widget-divider\" data-id=\"137f7a9\" data-element_type=\"widget\" data-widget_type=\"divider.default\">\n\t\t\t\t<div class=\"elementor-widget-container\">\n\t\t\t<style>\/*! elementor - v3.13.2 - 11-05-2023 *\/\n.elementor-widget-divider{--divider-border-style:none;--divider-border-width:1px;--divider-color:#0c0d0e;--divider-icon-size:20px;--divider-element-spacing:10px;--divider-pattern-height:24px;--divider-pattern-size:20px;--divider-pattern-url:none;--divider-pattern-repeat:repeat-x}.elementor-widget-divider .elementor-divider{display:flex}.elementor-widget-divider .elementor-divider__text{font-size:15px;line-height:1;max-width:95%}.elementor-widget-divider .elementor-divider__element{margin:0 var(--divider-element-spacing);flex-shrink:0}.elementor-widget-divider .elementor-icon{font-size:var(--divider-icon-size)}.elementor-widget-divider .elementor-divider-separator{display:flex;margin:0;direction:ltr}.elementor-widget-divider--view-line_icon .elementor-divider-separator,.elementor-widget-divider--view-line_text .elementor-divider-separator{align-items:center}.elementor-widget-divider--view-line_icon .elementor-divider-separator:after,.elementor-widget-divider--view-line_icon .elementor-divider-separator:before,.elementor-widget-divider--view-line_text .elementor-divider-separator:after,.elementor-widget-divider--view-line_text .elementor-divider-separator:before{display:block;content:\"\";border-bottom:0;flex-grow:1;border-top:var(--divider-border-width) var(--divider-border-style) var(--divider-color)}.elementor-widget-divider--element-align-left .elementor-divider .elementor-divider-separator>.elementor-divider__svg:first-of-type{flex-grow:0;flex-shrink:100}.elementor-widget-divider--element-align-left .elementor-divider-separator:before{content:none}.elementor-widget-divider--element-align-left .elementor-divider__element{margin-left:0}.elementor-widget-divider--element-align-right .elementor-divider .elementor-divider-separator>.elementor-divider__svg:last-of-type{flex-grow:0;flex-shrink:100}.elementor-widget-divider--element-align-right .elementor-divider-separator:after{content:none}.elementor-widget-divider--element-align-right .elementor-divider__element{margin-right:0}.elementor-widget-divider:not(.elementor-widget-divider--view-line_text):not(.elementor-widget-divider--view-line_icon) .elementor-divider-separator{border-top:var(--divider-border-width) var(--divider-border-style) var(--divider-color)}.elementor-widget-divider--separator-type-pattern{--divider-border-style:none}.elementor-widget-divider--separator-type-pattern.elementor-widget-divider--view-line .elementor-divider-separator,.elementor-widget-divider--separator-type-pattern:not(.elementor-widget-divider--view-line) .elementor-divider-separator:after,.elementor-widget-divider--separator-type-pattern:not(.elementor-widget-divider--view-line) .elementor-divider-separator:before,.elementor-widget-divider--separator-type-pattern:not([class*=elementor-widget-divider--view]) .elementor-divider-separator{width:100%;min-height:var(--divider-pattern-height);-webkit-mask-size:var(--divider-pattern-size) 100%;mask-size:var(--divider-pattern-size) 100%;-webkit-mask-repeat:var(--divider-pattern-repeat);mask-repeat:var(--divider-pattern-repeat);background-color:var(--divider-color);-webkit-mask-image:var(--divider-pattern-url);mask-image:var(--divider-pattern-url)}.elementor-widget-divider--no-spacing{--divider-pattern-size:auto}.elementor-widget-divider--bg-round{--divider-pattern-repeat:round}.rtl .elementor-widget-divider .elementor-divider__text{direction:rtl}.e-con-inner>.elementor-widget-divider,.e-con>.elementor-widget-divider{width:var(--container-widget-width,100%);--flex-grow:var(--container-widget-flex-grow)}<\/style>\t\t<div class=\"elementor-divider\">\n\t\t\t<span class=\"elementor-divider-separator\">\n\t\t\t\t\t\t<\/span>\n\t\t<\/div>\n\t\t\t\t<\/div>\n\t\t\t\t<\/div>\n\t\t\t\t\t<\/div>\n\t\t<\/div>\n\t\t\t\t\t\t\t<\/div>\n\t\t<\/section>\n\t\t\t\t\t\t\t<\/div>\n\t\t","protected":false},"excerpt":{"rendered":"<p>Arm\u00fcl Astar Arm\u00fcl Astar Ceplik Astar \u00c7antal\u0131k Astar Dokuma Astar File \u0130thal Tafetta Astar (190Tel) \u0130thal Saten Astar Jakarl\u0131 Astar Montluk Astar Suet Astar \u015e\u0130MD\u0130 ARA S\u0130PAR\u0130\u015e HATTI +90(532) 232 72 13 Armat\u00fcl Astar, \u00e7anta ve valiz \u00fcretiminde i\u00e7 kaplama malzemesi olarak tercih edilen, dayan\u0131kl\u0131 ve y\u00fcksek performansl\u0131 bir astar kuma\u015f t\u00fcr\u00fcd\u00fcr. Hafif yap\u0131s\u0131, esnekli\u011fi [&hellip;]<\/p>\n","protected":false},"author":1,"featured_media":0,"parent":0,"menu_order":0,"comment_status":"closed","ping_status":"closed","template":"","meta":{"footnotes":""},"class_list":["post-8895","page","type-page","status-publish","hentry"],"_links":{"self":[{"href":"https:\/\/ktkumas.com\/tr\/wp-json\/wp\/v2\/pages\/8895","targetHints":{"allow":["GET"]}}],"collection":[{"href":"https:\/\/ktkumas.com\/tr\/wp-json\/wp\/v2\/pages"}],"about":[{"href":"https:\/\/ktkumas.com\/tr\/wp-json\/wp\/v2\/types\/page"}],"author":[{"embeddable":true,"href":"https:\/\/ktkumas.com\/tr\/wp-json\/wp\/v2\/users\/1"}],"replies":[{"embeddable":true,"href":"https:\/\/ktkumas.com\/tr\/wp-json\/wp\/v2\/comments?post=8895"}],"version-history":[{"count":41,"href":"https:\/\/ktkumas.com\/tr\/wp-json\/wp\/v2\/pages\/8895\/revisions"}],"predecessor-version":[{"id":9289,"href":"https:\/\/ktkumas.com\/tr\/wp-json\/wp\/v2\/pages\/8895\/revisions\/9289"}],"wp:attachment":[{"href":"https:\/\/ktkumas.com\/tr\/wp-json\/wp\/v2\/media?parent=8895"}],"curies":[{"name":"wp","href":"https:\/\/api.w.org\/{rel}","templated":true}]}}