{"id":9248,"date":"2025-05-10T02:33:32","date_gmt":"2025-05-09T23:33:32","guid":{"rendered":"https:\/\/ktkumas.com\/tr\/?page_id=9248"},"modified":"2025-05-10T02:34:56","modified_gmt":"2025-05-09T23:34:56","slug":"toptan-suet-astar-bursa","status":"publish","type":"page","link":"https:\/\/ktkumas.com\/tr\/toptan-suet-astar-bursa\/","title":{"rendered":"Suet Astar"},"content":{"rendered":"\t\t<div data-elementor-type=\"wp-page\" data-elementor-id=\"9248\" class=\"elementor elementor-9248\">\n\t\t\t\t\t\t\t\t\t<section class=\"elementor-section elementor-top-section elementor-element elementor-element-a7ba051 elementor-section-full_width elementor-section-height-default elementor-section-height-default\" data-id=\"a7ba051\" data-element_type=\"section\" data-settings=\"{&quot;background_background&quot;:&quot;classic&quot;}\">\n\t\t\t\t\t\t\t<div class=\"elementor-background-overlay\"><\/div>\n\t\t\t\t\t\t\t<div class=\"elementor-container elementor-column-gap-default\">\n\t\t\t\t\t<div class=\"elementor-column elementor-col-100 elementor-top-column elementor-element elementor-element-33f7460\" data-id=\"33f7460\" data-element_type=\"column\">\n\t\t\t<div class=\"elementor-widget-wrap elementor-element-populated\">\n\t\t\t\t\t\t\t\t<div class=\"elementor-element elementor-element-102c0e9 elementor-widget elementor-widget-hub_fancy_heading\" data-id=\"102c0e9\" data-element_type=\"widget\" data-widget_type=\"hub_fancy_heading.default\">\n\t\t\t\t<div class=\"elementor-widget-container\">\n\t\t\t\n\t\t<div id=\"ld-fancy-heading-6a091c49467bd\" class=\"ld-fancy-heading pos-rel\">\n\t\t\t<h2 class=\"ld-fh-element d-inline-block pos-rel elementor-heading-title lqd-highlight-classic lqd-highlight-grow-left h2\"  > S\u00fcet Astar<\/h2>\t\t<\/div>\n\n\t\t\t\t<\/div>\n\t\t\t\t<\/div>\n\t\t\t\t\t<\/div>\n\t\t<\/div>\n\t\t\t\t\t\t\t<\/div>\n\t\t<\/section>\n\t\t\t\t<section class=\"elementor-section elementor-top-section elementor-element elementor-element-fac41db elementor-section-boxed elementor-section-height-default elementor-section-height-default\" data-id=\"fac41db\" data-element_type=\"section\">\n\t\t\t\t\t\t<div class=\"elementor-container elementor-column-gap-default\">\n\t\t\t\t\t<div class=\"elementor-column elementor-col-50 elementor-top-column elementor-element elementor-element-2156d2c elementor-hidden-tablet elementor-hidden-mobile\" data-id=\"2156d2c\" data-element_type=\"column\">\n\t\t\t<div class=\"elementor-widget-wrap elementor-element-populated\">\n\t\t\t\t\t\t\t\t<div class=\"elementor-element elementor-element-46387c6 elementor-widget__width-inherit elementor-widget elementor-widget-ld_custom_menu\" data-id=\"46387c6\" data-element_type=\"widget\" data-widget_type=\"ld_custom_menu.default\">\n\t\t\t\t<div class=\"elementor-widget-container\">\n\t\t\t\n\t\t\t<div  \n\t\t\t\tclass=\"lqd-fancy-menu lqd-custom-menu pos-rel menu-items-has-fill left lqd-menu-td-none\"\n\t\t\t\t\t\t\t>\n\t\t\t\n\t\t\t\t\t\t<ul id=\"46387c6\" class=\"reset-ul   \" itemtype=\"http:\/\/schema.org\/SiteNavigationElement\" itemscope=\"itemscope\"><li id=\"menu-item-8902\" class=\"menu-item menu-item-type-post_type menu-item-object-page menu-item-8902\"><a href=\"https:\/\/ktkumas.com\/tr\/toptan-armatul-astar-bursa\/\">Arm\u00fcl Astar<\/a><\/li>\n<li id=\"menu-item-9266\" class=\"menu-item menu-item-type-post_type menu-item-object-page menu-item-9266\"><a href=\"https:\/\/ktkumas.com\/tr\/toptan-ceplik-astar-bursa\/\">Ceplik Astar<\/a><\/li>\n<li id=\"menu-item-9265\" class=\"menu-item menu-item-type-post_type menu-item-object-page menu-item-9265\"><a href=\"https:\/\/ktkumas.com\/tr\/toptan-cantalik-astar-bursa\/\">\u00c7antal\u0131k Astar<\/a><\/li>\n<li id=\"menu-item-9264\" class=\"menu-item menu-item-type-post_type menu-item-object-page menu-item-9264\"><a href=\"https:\/\/ktkumas.com\/tr\/toptan-dokuma-astar-bursa\/\">Dokuma Astar<\/a><\/li>\n<li id=\"menu-item-9263\" class=\"menu-item menu-item-type-post_type menu-item-object-page menu-item-9263\"><a href=\"https:\/\/ktkumas.com\/tr\/toptan-file-kumas-bursa\/\">File<\/a><\/li>\n<li id=\"menu-item-9261\" class=\"menu-item menu-item-type-post_type menu-item-object-page menu-item-9261\"><a href=\"https:\/\/ktkumas.com\/tr\/ithal-tafetta-astar-toptan\/\">\u0130thal Tafetta Astar (190Tel)<\/a><\/li>\n<li id=\"menu-item-9262\" class=\"menu-item menu-item-type-post_type menu-item-object-page menu-item-9262\"><a href=\"https:\/\/ktkumas.com\/tr\/toptan-ithal-saten-astar-bursa\/\">\u0130thal Saten Astar<\/a><\/li>\n<li id=\"menu-item-9260\" class=\"menu-item menu-item-type-post_type menu-item-object-page menu-item-9260\"><a href=\"https:\/\/ktkumas.com\/tr\/toptan-jakarli-astar-bursa\/\">Jakarl\u0131 Astar<\/a><\/li>\n<li id=\"menu-item-9259\" class=\"menu-item menu-item-type-post_type menu-item-object-page menu-item-9259\"><a href=\"https:\/\/ktkumas.com\/tr\/toptan-montluk-astar\/\">Montluk Astar<\/a><\/li>\n<li id=\"menu-item-9258\" class=\"menu-item menu-item-type-post_type menu-item-object-page menu-item-9258\"><a href=\"https:\/\/ktkumas.com\/tr\/toptan-suet-astar-bursa\/\">Suet Astar<\/a><\/li>\n<\/ul>\t\t\t\t\t\t\t\t\t<\/div>\n\t\t\t\t<\/div>\n\t\t\t\t<\/div>\n\t\t\t\t<div class=\"elementor-element elementor-element-46e4d8f elementor-align-left elementor-widget elementor-widget-ld_icon_box\" data-id=\"46e4d8f\" data-element_type=\"widget\" data-widget_type=\"ld_icon_box.default\">\n\t\t\t\t<div class=\"elementor-widget-container\">\n\t\t\t\n\t\t\t<div id=\"ld_icon_box_46e4d8f\" class=\"iconbox d-flex flex-grow-1 pos-rel flex-wrap align-items-center iconbox-inline\"   >\n\t\t\t\t\n\t\t\t\t\t\t\t\t\t<span class=\"iconbox-label d-inline-block pos-abs border-radius-circle font-weight-bold text-uppercase ltr-sp-1\">\u015e\u0130MD\u0130 ARA<\/span>\t\t\t\t\t\n\t\t\t\t\n\t\t\t\t<div class=\"iconbox-icon-wrap  \"><div class=\"iconbox-icon-container d-inline-flex   \"><i aria-hidden=\"true\" class=\"fas fa-phone-volume\"><\/i><\/div><\/div>\t\t\t\t\n\t\t\t\t<h3 class=\"lqd-iconbox-heading \" >S\u0130PAR\u0130\u015e HATTI <\/h3>\t\t\t\t\n\t\t\t\t<div class=\"contents \">\t\t\t\t\n\t\t\t\t\t\t\t\t\n\t\t\t\t\t\t\t\t<p>+90(532) 232 72 13\n<\/p>\n\t\t\t\t\t\t\t\t\n\t\t\t\t<\/div>\t\t\t\t\n\t\t\t\t<a href=\"tel:05302470199\" class=\"lqd-overlay z-index-2\" target=\"_blank&quot;\" rel=\"nofollow\"><\/a>\n\t\t\t<\/div>\n\n\t\t\t\t<\/div>\n\t\t\t\t<\/div>\n\t\t\t\t\t<\/div>\n\t\t<\/div>\n\t\t\t\t<div class=\"elementor-column elementor-col-50 elementor-top-column elementor-element elementor-element-ba29674\" data-id=\"ba29674\" data-element_type=\"column\">\n\t\t\t<div class=\"elementor-widget-wrap elementor-element-populated\">\n\t\t\t\t\t\t\t\t<div class=\"elementor-element elementor-element-e8241fe elementor-widget elementor-widget-text-editor\" data-id=\"e8241fe\" data-element_type=\"widget\" data-widget_type=\"text-editor.default\">\n\t\t\t\t<div class=\"elementor-widget-container\">\n\t\t\t<style>\/*! elementor - v3.13.2 - 11-05-2023 *\/\n.elementor-widget-text-editor.elementor-drop-cap-view-stacked .elementor-drop-cap{background-color:#69727d;color:#fff}.elementor-widget-text-editor.elementor-drop-cap-view-framed .elementor-drop-cap{color:#69727d;border:3px solid;background-color:transparent}.elementor-widget-text-editor:not(.elementor-drop-cap-view-default) .elementor-drop-cap{margin-top:8px}.elementor-widget-text-editor:not(.elementor-drop-cap-view-default) .elementor-drop-cap-letter{width:1em;height:1em}.elementor-widget-text-editor .elementor-drop-cap{float:left;text-align:center;line-height:1;font-size:50px}.elementor-widget-text-editor .elementor-drop-cap-letter{display:inline-block}<\/style>\t\t\t\t<p class=\"\" data-start=\"127\" data-end=\"476\">S\u00fcet Astar, yumu\u015fak dokusu, mat y\u00fczeyi ve kadifemsi hissiyle \u00f6zellikle \u015f\u0131kl\u0131k ve konforun \u00f6n planda tutuldu\u011fu \u00fcr\u00fcnlerde tercih edilen kaliteli bir astar kuma\u015f\u0131d\u0131r. Ger\u00e7ek s\u00fcet g\u00f6r\u00fcn\u00fcm\u00fcne sahip olan bu kuma\u015f, genellikle mikrofiber veya polyester bazl\u0131 olarak \u00fcretilir ve hem estetik hem de dayan\u0131kl\u0131l\u0131k a\u00e7\u0131s\u0131ndan ideal bir i\u00e7 kaplama malzemesi sunar.<\/p><p class=\"\" data-start=\"478\" data-end=\"843\">S\u00fcet Astar, \u00e7anta ve valiz \u00fcretiminde i\u00e7 y\u00fczeye l\u00fcks bir dokunu\u015f kazand\u0131r\u0131rken ayn\u0131 zamanda \u00fcr\u00fcn\u00fcn genel alg\u0131s\u0131n\u0131 da \u00fcst seviyeye ta\u015f\u0131r. Kaymaz yap\u0131s\u0131 sayesinde \u00fcr\u00fcn i\u00e7indeki e\u015fyan\u0131n sabit kalmas\u0131n\u0131 sa\u011flar, bu da \u00f6zellikle hassas \u00fcr\u00fcnlerin ta\u015f\u0131nd\u0131\u011f\u0131 \u00e7antalarda b\u00fcy\u00fck bir avantajd\u0131r. Ayn\u0131 zamanda rengi ve dokusu zamanla bozulmadan uzun s\u00fcreli kullan\u0131m imk\u00e2n\u0131 tan\u0131r.<\/p><p class=\"\" data-start=\"845\" data-end=\"1151\">Zengin renk se\u00e7enekleriyle farkl\u0131 tasar\u0131mlara uyum sa\u011flayabilen S\u00fcet Astar, \u00fcretim s\u00fcrecinde kolay i\u015flenebilirli\u011fiyle \u00f6ne \u00e7\u0131kar. Diki\u015fe elveri\u015fli yap\u0131s\u0131 sayesinde d\u00fczg\u00fcn ve sorunsuz montaj sunar. L\u00fcks alg\u0131 yaratmak isteyen markalar i\u00e7in S\u00fcet Astar, i\u00e7 kaplama tercihinde \u00f6ne \u00e7\u0131kan se\u00e7kin bir alternatiftir.<\/p><p class=\"\" data-start=\"1153\" data-end=\"1175\"><strong data-start=\"1153\" data-end=\"1175\">Kullan\u0131m Alanlar\u0131:<\/strong><\/p><ul><li data-start=\"1178\" data-end=\"1209\">L\u00fcks ve \u00f6zel tasar\u0131m \u00e7antalar<\/li><li data-start=\"1212\" data-end=\"1239\">Valiz ve seyahat \u00fcr\u00fcnleri<\/li><li data-start=\"1242\" data-end=\"1279\">C\u00fczdan, kartl\u0131k ve deri aksesuarlar<\/li><li data-start=\"1282\" data-end=\"1318\">Tak\u0131 kutular\u0131 ve i\u00e7 d\u00fczenleyiciler<\/li><li data-start=\"1321\" data-end=\"1348\">Moda ve dekoratif \u00fcr\u00fcnler<\/li><\/ul>\t\t\t\t\t\t<\/div>\n\t\t\t\t<\/div>\n\t\t\t\t<div class=\"elementor-element elementor-element-584e085 elementor-widget-divider--view-line elementor-widget elementor-widget-divider\" data-id=\"584e085\" data-element_type=\"widget\" data-widget_type=\"divider.default\">\n\t\t\t\t<div class=\"elementor-widget-container\">\n\t\t\t<style>\/*! elementor - v3.13.2 - 11-05-2023 *\/\n.elementor-widget-divider{--divider-border-style:none;--divider-border-width:1px;--divider-color:#0c0d0e;--divider-icon-size:20px;--divider-element-spacing:10px;--divider-pattern-height:24px;--divider-pattern-size:20px;--divider-pattern-url:none;--divider-pattern-repeat:repeat-x}.elementor-widget-divider .elementor-divider{display:flex}.elementor-widget-divider .elementor-divider__text{font-size:15px;line-height:1;max-width:95%}.elementor-widget-divider .elementor-divider__element{margin:0 var(--divider-element-spacing);flex-shrink:0}.elementor-widget-divider .elementor-icon{font-size:var(--divider-icon-size)}.elementor-widget-divider .elementor-divider-separator{display:flex;margin:0;direction:ltr}.elementor-widget-divider--view-line_icon .elementor-divider-separator,.elementor-widget-divider--view-line_text .elementor-divider-separator{align-items:center}.elementor-widget-divider--view-line_icon .elementor-divider-separator:after,.elementor-widget-divider--view-line_icon .elementor-divider-separator:before,.elementor-widget-divider--view-line_text .elementor-divider-separator:after,.elementor-widget-divider--view-line_text .elementor-divider-separator:before{display:block;content:\"\";border-bottom:0;flex-grow:1;border-top:var(--divider-border-width) var(--divider-border-style) var(--divider-color)}.elementor-widget-divider--element-align-left .elementor-divider .elementor-divider-separator>.elementor-divider__svg:first-of-type{flex-grow:0;flex-shrink:100}.elementor-widget-divider--element-align-left .elementor-divider-separator:before{content:none}.elementor-widget-divider--element-align-left .elementor-divider__element{margin-left:0}.elementor-widget-divider--element-align-right .elementor-divider .elementor-divider-separator>.elementor-divider__svg:last-of-type{flex-grow:0;flex-shrink:100}.elementor-widget-divider--element-align-right .elementor-divider-separator:after{content:none}.elementor-widget-divider--element-align-right .elementor-divider__element{margin-right:0}.elementor-widget-divider:not(.elementor-widget-divider--view-line_text):not(.elementor-widget-divider--view-line_icon) .elementor-divider-separator{border-top:var(--divider-border-width) var(--divider-border-style) var(--divider-color)}.elementor-widget-divider--separator-type-pattern{--divider-border-style:none}.elementor-widget-divider--separator-type-pattern.elementor-widget-divider--view-line .elementor-divider-separator,.elementor-widget-divider--separator-type-pattern:not(.elementor-widget-divider--view-line) .elementor-divider-separator:after,.elementor-widget-divider--separator-type-pattern:not(.elementor-widget-divider--view-line) .elementor-divider-separator:before,.elementor-widget-divider--separator-type-pattern:not([class*=elementor-widget-divider--view]) .elementor-divider-separator{width:100%;min-height:var(--divider-pattern-height);-webkit-mask-size:var(--divider-pattern-size) 100%;mask-size:var(--divider-pattern-size) 100%;-webkit-mask-repeat:var(--divider-pattern-repeat);mask-repeat:var(--divider-pattern-repeat);background-color:var(--divider-color);-webkit-mask-image:var(--divider-pattern-url);mask-image:var(--divider-pattern-url)}.elementor-widget-divider--no-spacing{--divider-pattern-size:auto}.elementor-widget-divider--bg-round{--divider-pattern-repeat:round}.rtl .elementor-widget-divider .elementor-divider__text{direction:rtl}.e-con-inner>.elementor-widget-divider,.e-con>.elementor-widget-divider{width:var(--container-widget-width,100%);--flex-grow:var(--container-widget-flex-grow)}<\/style>\t\t<div class=\"elementor-divider\">\n\t\t\t<span class=\"elementor-divider-separator\">\n\t\t\t\t\t\t<\/span>\n\t\t<\/div>\n\t\t\t\t<\/div>\n\t\t\t\t<\/div>\n\t\t\t\t<div class=\"elementor-element elementor-element-4232bdc elementor-widget elementor-widget-heading\" data-id=\"4232bdc\" data-element_type=\"widget\" data-widget_type=\"heading.default\">\n\t\t\t\t<div class=\"elementor-widget-container\">\n\t\t\t<style>\/*! elementor - v3.13.2 - 11-05-2023 *\/\n.elementor-heading-title{padding:0;margin:0;line-height:1}.elementor-widget-heading .elementor-heading-title[class*=elementor-size-]>a{color:inherit;font-size:inherit;line-height:inherit}.elementor-widget-heading .elementor-heading-title.elementor-size-small{font-size:15px}.elementor-widget-heading .elementor-heading-title.elementor-size-medium{font-size:19px}.elementor-widget-heading .elementor-heading-title.elementor-size-large{font-size:29px}.elementor-widget-heading .elementor-heading-title.elementor-size-xl{font-size:39px}.elementor-widget-heading .elementor-heading-title.elementor-size-xxl{font-size:59px}<\/style><h2 class=\"elementor-heading-title elementor-size-default\">\u00dcr\u00fcn G\u00f6rselleri<\/h2>\t\t<\/div>\n\t\t\t\t<\/div>\n\t\t\t\t<div class=\"elementor-element elementor-element-735e354 gallery-spacing-custom elementor-widget elementor-widget-image-gallery\" data-id=\"735e354\" data-element_type=\"widget\" data-widget_type=\"image-gallery.default\">\n\t\t\t\t<div class=\"elementor-widget-container\">\n\t\t\t<style>\/*! elementor - v3.13.2 - 11-05-2023 *\/\n.elementor-image-gallery .gallery-item{display:inline-block;text-align:center;vertical-align:top;width:100%;max-width:100%;margin:0 auto}.elementor-image-gallery .gallery-item img{margin:0 auto}.elementor-image-gallery .gallery-item .gallery-caption{margin:0}.elementor-image-gallery figure img{display:block}.elementor-image-gallery figure figcaption{width:100%}.gallery-spacing-custom .elementor-image-gallery .gallery-icon{padding:0}@media (min-width:768px){.elementor-image-gallery .gallery-columns-2 .gallery-item{max-width:50%}.elementor-image-gallery .gallery-columns-3 .gallery-item{max-width:33.33%}.elementor-image-gallery .gallery-columns-4 .gallery-item{max-width:25%}.elementor-image-gallery .gallery-columns-5 .gallery-item{max-width:20%}.elementor-image-gallery .gallery-columns-6 .gallery-item{max-width:16.666%}.elementor-image-gallery .gallery-columns-7 .gallery-item{max-width:14.28%}.elementor-image-gallery .gallery-columns-8 .gallery-item{max-width:12.5%}.elementor-image-gallery .gallery-columns-9 .gallery-item{max-width:11.11%}.elementor-image-gallery .gallery-columns-10 .gallery-item{max-width:10%}}@media (min-width:480px) and (max-width:767px){.elementor-image-gallery .gallery.gallery-columns-2 .gallery-item,.elementor-image-gallery .gallery.gallery-columns-3 .gallery-item,.elementor-image-gallery .gallery.gallery-columns-4 .gallery-item,.elementor-image-gallery .gallery.gallery-columns-5 .gallery-item,.elementor-image-gallery .gallery.gallery-columns-6 .gallery-item,.elementor-image-gallery .gallery.gallery-columns-7 .gallery-item,.elementor-image-gallery .gallery.gallery-columns-8 .gallery-item,.elementor-image-gallery .gallery.gallery-columns-9 .gallery-item,.elementor-image-gallery .gallery.gallery-columns-10 .gallery-item{max-width:50%}}@media (max-width:479px){.elementor-image-gallery .gallery.gallery-columns-2 .gallery-item,.elementor-image-gallery .gallery.gallery-columns-3 .gallery-item,.elementor-image-gallery .gallery.gallery-columns-4 .gallery-item,.elementor-image-gallery .gallery.gallery-columns-5 .gallery-item,.elementor-image-gallery .gallery.gallery-columns-6 .gallery-item,.elementor-image-gallery .gallery.gallery-columns-7 .gallery-item,.elementor-image-gallery .gallery.gallery-columns-8 .gallery-item,.elementor-image-gallery .gallery.gallery-columns-9 .gallery-item,.elementor-image-gallery .gallery.gallery-columns-10 .gallery-item{max-width:100%}}<\/style>\t\t<div class=\"elementor-image-gallery\">\n\t\t\t<div id='gallery-1' class='gallery galleryid-9248 gallery-columns-4 gallery-size-full'><figure class='gallery-item'>\n\t\t\t<div class='gallery-icon portrait'>\n\t\t\t\t<a data-elementor-open-lightbox=\"yes\" data-elementor-lightbox-slideshow=\"735e354\" data-elementor-lightbox-title=\"suet-astar-1-773x1030\" data-e-action-hash=\"#elementor-action%3Aaction%3Dlightbox%26settings%3DeyJpZCI6OTI1MCwidXJsIjoiaHR0cHM6XC9cL2t0a3VtYXMuY29tXC90clwvd3AtY29udGVudFwvdXBsb2Fkc1wvMjAyNVwvMDVcL3N1ZXQtYXN0YXItMS03NzN4MTAzMC0xLmpwZyIsInNsaWRlc2hvdyI6IjczNWUzNTQifQ%3D%3D\" href='https:\/\/ktkumas.com\/tr\/wp-content\/uploads\/2025\/05\/suet-astar-1-773x1030-1.jpg'><img decoding=\"async\" width=\"773\" height=\"1030\" src=\"https:\/\/ktkumas.com\/tr\/wp-content\/uploads\/2025\/05\/suet-astar-1-773x1030-1.jpg\" class=\"attachment-full size-full\" alt=\"\" srcset=\"https:\/\/ktkumas.com\/tr\/wp-content\/uploads\/2025\/05\/suet-astar-1-773x1030-1.jpg 773w, https:\/\/ktkumas.com\/tr\/wp-content\/uploads\/2025\/05\/suet-astar-1-773x1030-1-225x300.jpg 225w, https:\/\/ktkumas.com\/tr\/wp-content\/uploads\/2025\/05\/suet-astar-1-773x1030-1-768x1024.jpg 768w\" sizes=\"(max-width: 773px) 100vw, 773px\" itemprop=\"image\" \/><\/a>\n\t\t\t<\/div><\/figure><figure class='gallery-item'>\n\t\t\t<div class='gallery-icon portrait'>\n\t\t\t\t<a data-elementor-open-lightbox=\"yes\" data-elementor-lightbox-slideshow=\"735e354\" data-elementor-lightbox-title=\"suet-astar-3-773x1030\" data-e-action-hash=\"#elementor-action%3Aaction%3Dlightbox%26settings%3DeyJpZCI6OTI1MiwidXJsIjoiaHR0cHM6XC9cL2t0a3VtYXMuY29tXC90clwvd3AtY29udGVudFwvdXBsb2Fkc1wvMjAyNVwvMDVcL3N1ZXQtYXN0YXItMy03NzN4MTAzMC0xLmpwZyIsInNsaWRlc2hvdyI6IjczNWUzNTQifQ%3D%3D\" href='https:\/\/ktkumas.com\/tr\/wp-content\/uploads\/2025\/05\/suet-astar-3-773x1030-1.jpg'><img decoding=\"async\" width=\"773\" height=\"1030\" src=\"data:image\/svg+xml,%3Csvg xmlns=&#039;http:\/\/www.w3.org\/2000\/svg&#039; viewBox=&#039;0 0 773 1030&#039;%3E%3C\/svg%3E\" class=\"attachment-full size-full ld-lazyload\" alt=\"\" itemprop=\"image\" data-src=\"https:\/\/ktkumas.com\/tr\/wp-content\/uploads\/2025\/05\/suet-astar-3-773x1030-1.jpg\" data-srcset=\"https:\/\/ktkumas.com\/tr\/wp-content\/uploads\/2025\/05\/suet-astar-3-773x1030-1.jpg 773w, https:\/\/ktkumas.com\/tr\/wp-content\/uploads\/2025\/05\/suet-astar-3-773x1030-1-225x300.jpg 225w, https:\/\/ktkumas.com\/tr\/wp-content\/uploads\/2025\/05\/suet-astar-3-773x1030-1-768x1024.jpg 768w\" data-sizes=\"(max-width: 773px) 100vw, 773px\" data-aspect=\"0.7504854368932\" \/><\/a>\n\t\t\t<\/div><\/figure><figure class='gallery-item'>\n\t\t\t<div class='gallery-icon portrait'>\n\t\t\t\t<a data-elementor-open-lightbox=\"yes\" data-elementor-lightbox-slideshow=\"735e354\" data-elementor-lightbox-title=\"suet-astar-4-773x1030\" data-e-action-hash=\"#elementor-action%3Aaction%3Dlightbox%26settings%3DeyJpZCI6OTI1MywidXJsIjoiaHR0cHM6XC9cL2t0a3VtYXMuY29tXC90clwvd3AtY29udGVudFwvdXBsb2Fkc1wvMjAyNVwvMDVcL3N1ZXQtYXN0YXItNC03NzN4MTAzMC0xLmpwZyIsInNsaWRlc2hvdyI6IjczNWUzNTQifQ%3D%3D\" href='https:\/\/ktkumas.com\/tr\/wp-content\/uploads\/2025\/05\/suet-astar-4-773x1030-1.jpg'><img decoding=\"async\" width=\"773\" height=\"1030\" src=\"data:image\/svg+xml,%3Csvg xmlns=&#039;http:\/\/www.w3.org\/2000\/svg&#039; viewBox=&#039;0 0 773 1030&#039;%3E%3C\/svg%3E\" class=\"attachment-full size-full ld-lazyload\" alt=\"\" itemprop=\"image\" data-src=\"https:\/\/ktkumas.com\/tr\/wp-content\/uploads\/2025\/05\/suet-astar-4-773x1030-1.jpg\" data-srcset=\"https:\/\/ktkumas.com\/tr\/wp-content\/uploads\/2025\/05\/suet-astar-4-773x1030-1.jpg 773w, https:\/\/ktkumas.com\/tr\/wp-content\/uploads\/2025\/05\/suet-astar-4-773x1030-1-225x300.jpg 225w, https:\/\/ktkumas.com\/tr\/wp-content\/uploads\/2025\/05\/suet-astar-4-773x1030-1-768x1024.jpg 768w\" data-sizes=\"(max-width: 773px) 100vw, 773px\" data-aspect=\"0.7504854368932\" \/><\/a>\n\t\t\t<\/div><\/figure><figure class='gallery-item'>\n\t\t\t<div class='gallery-icon portrait'>\n\t\t\t\t<a data-elementor-open-lightbox=\"yes\" data-elementor-lightbox-slideshow=\"735e354\" data-elementor-lightbox-title=\"suet-astar-5-773x1030\" data-e-action-hash=\"#elementor-action%3Aaction%3Dlightbox%26settings%3DeyJpZCI6OTI1NCwidXJsIjoiaHR0cHM6XC9cL2t0a3VtYXMuY29tXC90clwvd3AtY29udGVudFwvdXBsb2Fkc1wvMjAyNVwvMDVcL3N1ZXQtYXN0YXItNS03NzN4MTAzMC0xLmpwZyIsInNsaWRlc2hvdyI6IjczNWUzNTQifQ%3D%3D\" href='https:\/\/ktkumas.com\/tr\/wp-content\/uploads\/2025\/05\/suet-astar-5-773x1030-1.jpg'><img decoding=\"async\" width=\"773\" height=\"1030\" src=\"data:image\/svg+xml,%3Csvg xmlns=&#039;http:\/\/www.w3.org\/2000\/svg&#039; viewBox=&#039;0 0 773 1030&#039;%3E%3C\/svg%3E\" class=\"attachment-full size-full ld-lazyload\" alt=\"\" itemprop=\"image\" data-src=\"https:\/\/ktkumas.com\/tr\/wp-content\/uploads\/2025\/05\/suet-astar-5-773x1030-1.jpg\" data-srcset=\"https:\/\/ktkumas.com\/tr\/wp-content\/uploads\/2025\/05\/suet-astar-5-773x1030-1.jpg 773w, https:\/\/ktkumas.com\/tr\/wp-content\/uploads\/2025\/05\/suet-astar-5-773x1030-1-225x300.jpg 225w, https:\/\/ktkumas.com\/tr\/wp-content\/uploads\/2025\/05\/suet-astar-5-773x1030-1-768x1024.jpg 768w\" data-sizes=\"(max-width: 773px) 100vw, 773px\" data-aspect=\"0.7504854368932\" \/><\/a>\n\t\t\t<\/div><\/figure><figure class='gallery-item'>\n\t\t\t<div class='gallery-icon landscape'>\n\t\t\t\t<a data-elementor-open-lightbox=\"yes\" data-elementor-lightbox-slideshow=\"735e354\" data-elementor-lightbox-title=\"suet-astar-2-1030x1030\" data-e-action-hash=\"#elementor-action%3Aaction%3Dlightbox%26settings%3DeyJpZCI6OTI1MSwidXJsIjoiaHR0cHM6XC9cL2t0a3VtYXMuY29tXC90clwvd3AtY29udGVudFwvdXBsb2Fkc1wvMjAyNVwvMDVcL3N1ZXQtYXN0YXItMi0xMDMweDEwMzAtMS5qcGciLCJzbGlkZXNob3ciOiI3MzVlMzU0In0%3D\" href='https:\/\/ktkumas.com\/tr\/wp-content\/uploads\/2025\/05\/suet-astar-2-1030x1030-1.jpg'><img decoding=\"async\" width=\"1030\" height=\"1030\" src=\"data:image\/svg+xml,%3Csvg xmlns=&#039;http:\/\/www.w3.org\/2000\/svg&#039; viewBox=&#039;0 0 1030 1030&#039;%3E%3C\/svg%3E\" class=\"attachment-full size-full ld-lazyload\" alt=\"\" itemprop=\"image\" data-src=\"https:\/\/ktkumas.com\/tr\/wp-content\/uploads\/2025\/05\/suet-astar-2-1030x1030-1.jpg\" data-srcset=\"https:\/\/ktkumas.com\/tr\/wp-content\/uploads\/2025\/05\/suet-astar-2-1030x1030-1.jpg 1030w, https:\/\/ktkumas.com\/tr\/wp-content\/uploads\/2025\/05\/suet-astar-2-1030x1030-1-300x300.jpg 300w, https:\/\/ktkumas.com\/tr\/wp-content\/uploads\/2025\/05\/suet-astar-2-1030x1030-1-1024x1024.jpg 1024w, https:\/\/ktkumas.com\/tr\/wp-content\/uploads\/2025\/05\/suet-astar-2-1030x1030-1-150x150.jpg 150w\" data-sizes=\"(max-width: 1030px) 100vw, 1030px\" data-aspect=\"1\" \/><\/a>\n\t\t\t<\/div><\/figure>\n\t\t<\/div>\n\t\t<\/div>\n\t\t\t\t<\/div>\n\t\t\t\t<\/div>\n\t\t\t\t<div class=\"elementor-element elementor-element-137f7a9 elementor-widget-divider--view-line elementor-widget elementor-widget-divider\" data-id=\"137f7a9\" data-element_type=\"widget\" data-widget_type=\"divider.default\">\n\t\t\t\t<div class=\"elementor-widget-container\">\n\t\t\t\t\t<div class=\"elementor-divider\">\n\t\t\t<span class=\"elementor-divider-separator\">\n\t\t\t\t\t\t<\/span>\n\t\t<\/div>\n\t\t\t\t<\/div>\n\t\t\t\t<\/div>\n\t\t\t\t\t<\/div>\n\t\t<\/div>\n\t\t\t\t\t\t\t<\/div>\n\t\t<\/section>\n\t\t\t\t\t\t\t<\/div>\n\t\t","protected":false},"excerpt":{"rendered":"<p>S\u00fcet Astar Alkol Ba\u011f\u0131ml\u0131l\u0131\u011f\u0131 Madde Ba\u011f\u0131ml\u0131l\u0131\u011f\u0131 Kumar Ba\u011f\u0131ml\u0131l\u0131\u011f\u0131 Travma Sonras\u0131 Stres Bozuklu\u011fu (TSSB) Depresyon Panik Bozukluk Anksiyete (Kayg\u0131) Bozuklu\u011fu Tak\u0131nt\u0131 Hastal\u0131\u011f\u0131 (OKB) Sosyal Fobi \u00d6zg\u00fcl Fobiler S\u0131nav Kayg\u0131s\u0131, Stres Bozuklu\u011fu Manik Depresif Rahats\u0131zl\u0131k Ruhsal Travma Armat\u00fcl Astar \u015eizofreni Yeme Bozuklu\u011fu Aile, Evlilik ve \u0130li\u015fki Sorunlar\u0131 Cinsel \u0130\u015flev Bozukluklar\u0131 \u015e\u0130MD\u0130 ARA S\u0130PAR\u0130\u015e HATTI +90(532) 232 72 [&hellip;]<\/p>\n","protected":false},"author":1,"featured_media":0,"parent":0,"menu_order":0,"comment_status":"closed","ping_status":"closed","template":"","meta":{"footnotes":""},"class_list":["post-9248","page","type-page","status-publish","hentry"],"_links":{"self":[{"href":"https:\/\/ktkumas.com\/tr\/wp-json\/wp\/v2\/pages\/9248","targetHints":{"allow":["GET"]}}],"collection":[{"href":"https:\/\/ktkumas.com\/tr\/wp-json\/wp\/v2\/pages"}],"about":[{"href":"https:\/\/ktkumas.com\/tr\/wp-json\/wp\/v2\/types\/page"}],"author":[{"embeddable":true,"href":"https:\/\/ktkumas.com\/tr\/wp-json\/wp\/v2\/users\/1"}],"replies":[{"embeddable":true,"href":"https:\/\/ktkumas.com\/tr\/wp-json\/wp\/v2\/comments?post=9248"}],"version-history":[{"count":4,"href":"https:\/\/ktkumas.com\/tr\/wp-json\/wp\/v2\/pages\/9248\/revisions"}],"predecessor-version":[{"id":9257,"href":"https:\/\/ktkumas.com\/tr\/wp-json\/wp\/v2\/pages\/9248\/revisions\/9257"}],"wp:attachment":[{"href":"https:\/\/ktkumas.com\/tr\/wp-json\/wp\/v2\/media?parent=9248"}],"curies":[{"name":"wp","href":"https:\/\/api.w.org\/{rel}","templated":true}]}}